{"id":22,"date":"2025-11-28T21:10:21","date_gmt":"2025-11-28T20:10:21","guid":{"rendered":"https:\/\/www.docadmin.cl\/?page_id=22"},"modified":"2025-12-05T15:42:20","modified_gmt":"2025-12-05T14:42:20","slug":"nuestro-programa","status":"publish","type":"page","link":"https:\/\/www.docadmin.cl\/index.php\/nuestro-programa\/","title":{"rendered":"Nuestro Programa"},"content":{"rendered":"<p>[et_pb_section fb_built=\u00bb1&#8243; fullwidth=\u00bbon\u00bb _builder_version=\u00bb4.27.4&#8243; _module_preset=\u00bbdefault\u00bb locked=\u00bboff\u00bb global_colors_info=\u00bb{}\u00bb][et_pb_fullwidth_slider disabled_on=\u00bbon|on|on\u00bb _builder_version=\u00bb4.27.4&#8243; _module_preset=\u00bbdefault\u00bb background_color=\u00bb#C8102E\u00bb disabled=\u00bbon\u00bb global_colors_info=\u00bb{}\u00bb][et_pb_slide heading=\u00bbSu t\u00edtulo va aqu\u00ed\u00bb button_text=\u00bbClics\u00bb _builder_version=\u00bb4.27.4&#8243; _module_preset=\u00bbdefault\u00bb global_colors_info=\u00bb{}\u00bb sticky_transition=\u00bbon\u00bb]<\/p>\n<p>Your content goes here. Edit or remove this text inline or in the module Content settings. You can also style every aspect of this content in the module Design settings and even apply custom CSS to this text in the module Advanced settings.<\/p>\n<p>[\/et_pb_slide][et_pb_slide heading=\u00bbSu t\u00edtulo va aqu\u00ed\u00bb button_text=\u00bbClics\u00bb _builder_version=\u00bb4.27.4&#8243; _module_preset=\u00bbdefault\u00bb global_colors_info=\u00bb{}\u00bb sticky_transition=\u00bbon\u00bb]<\/p>\n<p>Your content goes here. Edit or remove this text inline or in the module Content settings. You can also style every aspect of this content in the module Design settings and even apply custom CSS to this text in the module Advanced settings.<\/p>\n<p>[\/et_pb_slide][\/et_pb_fullwidth_slider][\/et_pb_section][et_pb_section fb_built=\u00bb1&#8243; _builder_version=\u00bb4.27.4&#8243; _module_preset=\u00bbdefault\u00bb background_enable_color=\u00bboff\u00bb use_background_color_gradient=\u00bbon\u00bb background_color_gradient_type=\u00bbcircular\u00bb background_color_gradient_direction_radial=\u00bbtop right\u00bb background_color_gradient_stops=\u00bb#c62f48 33%|#0d1519 75%\u00bb background_color_gradient_overlays_image=\u00bbon\u00bb background_image=\u00bbhttps:\/\/www.docadmin.cl\/wp-content\/uploads\/2025\/12\/HEADER-NOTICIAS.jpg\u00bb background_blend=\u00bbcolor\u00bb locked=\u00bboff\u00bb global_colors_info=\u00bb{}\u00bb][et_pb_row _builder_version=\u00bb4.27.4&#8243; _module_preset=\u00bbdefault\u00bb custom_margin=\u00bb160px|auto|20px|auto|false|false\u00bb global_colors_info=\u00bb{}\u00bb][et_pb_column type=\u00bb4_4&#8243; _builder_version=\u00bb4.27.4&#8243; _module_preset=\u00bbdefault\u00bb global_colors_info=\u00bb{}\u00bb][et_pb_text _builder_version=\u00bb4.27.4&#8243; _module_preset=\u00bbdefault\u00bb text_text_color=\u00bb#FFFFFF\u00bb header_2_text_color=\u00bb#FFFFFF\u00bb module_alignment=\u00bbcenter\u00bb custom_margin=\u00bb||-1px|0px|false|false\u00bb custom_padding=\u00bb|||10px|false|false\u00bb global_colors_info=\u00bb{}\u00bb header_2_text_shadow_style=\u00bbpreset1&#8243; header_2_text_shadow_color=\u00bb#000000&#8243;]<\/p>\n<h2 style=\"text-align: center;\">DOCTORADO EN ADMINISTRACI\u00d3N<\/h2>\n<p>[\/et_pb_text][et_pb_divider color=\u00bb#EAAA00&#8243; divider_weight=\u00bb4px\u00bb _builder_version=\u00bb4.27.4&#8243; _module_preset=\u00bbdefault\u00bb width=\u00bb10%\u00bb module_alignment=\u00bbcenter\u00bb custom_margin=\u00bb||-3px|||\u00bb global_colors_info=\u00bb{}\u00bb][\/et_pb_divider][et_pb_text _builder_version=\u00bb4.27.4&#8243; _module_preset=\u00bbdefault\u00bb header_font=\u00bb|600|||||||\u00bb header_text_color=\u00bb#FFFFFF\u00bb header_font_size=\u00bb70px\u00bb header_2_font=\u00bb|600|||||||\u00bb header_2_text_color=\u00bb#FFFFFF\u00bb header_2_font_size=\u00bb52px\u00bb global_colors_info=\u00bb{}\u00bb header_text_shadow_style=\u00bbpreset1&#8243; header_text_shadow_color=\u00bb#000000&#8243; header_2_text_shadow_style=\u00bbpreset1&#8243; header_2_text_shadow_color=\u00bb#000000&#8243;]<\/p>\n<h2 style=\"text-align: center;\"><\/h2>\n<h1 style=\"text-align: center;\">NUESTRO PROGRAMA<\/h1>\n<p>[\/et_pb_text][et_pb_text _builder_version=\u00bb4.27.4&#8243; _module_preset=\u00bbdefault\u00bb text_text_color=\u00bb#FFFFFF\u00bb text_font_size=\u00bb20px\u00bb module_alignment=\u00bbcenter\u00bb custom_margin=\u00bb|||0px|false|false\u00bb custom_padding=\u00bb|||10px|false|false\u00bb global_colors_info=\u00bb{}\u00bb text_text_shadow_style=\u00bbpreset1&#8243; text_text_shadow_color=\u00bb#000000&#8243;]<\/p>\n<p style=\"text-align: center;\">FACULTAD DE ADMINISTRACI\u00d3N Y ECONOM\u00cdA | UNIVERSIDAD DE SANTIAGO DE CHILE<\/p>\n<p>[\/et_pb_text][\/et_pb_column][\/et_pb_row][\/et_pb_section][et_pb_section fb_built=\u00bb1&#8243; _builder_version=\u00bb4.27.4&#8243; _module_preset=\u00bbdefault\u00bb locked=\u00bboff\u00bb global_colors_info=\u00bb{}\u00bb][et_pb_row _builder_version=\u00bb4.27.4&#8243; _module_preset=\u00bbdefault\u00bb custom_padding=\u00bb||0px|||\u00bb locked=\u00bboff\u00bb global_colors_info=\u00bb{}\u00bb][et_pb_column type=\u00bb4_4&#8243; _builder_version=\u00bb4.27.4&#8243; _module_preset=\u00bbdefault\u00bb global_colors_info=\u00bb{}\u00bb][et_pb_text _builder_version=\u00bb4.27.4&#8243; _module_preset=\u00bbdefault\u00bb text_text_color=\u00bb#000000&#8243; header_text_color=\u00bb#FFFFFF\u00bb header_2_text_color=\u00bb#000000&#8243; custom_margin=\u00bb||-1px|||\u00bb hover_enabled=\u00bb0&#8243; global_colors_info=\u00bb{}\u00bb sticky_enabled=\u00bb0&#8243;]<\/p>\n<h2>NUESTRO<\/h2>\n<h2>PROGRAMA<\/h2>\n<p>[\/et_pb_text][et_pb_divider color=\u00bb#EAAA00&#8243; divider_weight=\u00bb5px\u00bb _builder_version=\u00bb4.27.4&#8243; _module_preset=\u00bbdefault\u00bb width=\u00bb80px\u00bb module_alignment=\u00bbleft\u00bb custom_margin=\u00bb2px||2px||true|false\u00bb global_colors_info=\u00bb{}\u00bb][\/et_pb_divider][et_pb_text _builder_version=\u00bb4.27.4&#8243; _module_preset=\u00bbdefault\u00bb hover_enabled=\u00bb0&#8243; global_colors_info=\u00bb{}\u00bb text_font_size=\u00bb16px\u00bb text_text_color=\u00bb#C8102E\u00bb sticky_enabled=\u00bb0&#8243; custom_margin=\u00bb||7px|||\u00bb header_4_text_color=\u00bb#C8102E\u00bb header_4_font_size=\u00bb20px\u00bb]<\/p>\n<h4>Malla Curricular<\/h4>\n<p>[\/et_pb_text][et_pb_text _builder_version=\u00bb4.27.4&#8243; _module_preset=\u00bbdefault\u00bb global_colors_info=\u00bb{}\u00bb custom_margin=\u00bb0px|||||\u00bb]<\/p>\n<p>Lorem ipsum dolor sit amet, consectetuer adipiscing elit, sed diam nonummy nibh euismod tincidunt ut laoreet dolore magna aliquam erat volutpat. Ut wisi enim ad minim veniam, quis nostrud exerci tation ullamcorper suscipit lobortis nisl ut aliquip ex ea commodo consequat.<\/p>\n<p>[\/et_pb_text][\/et_pb_column][\/et_pb_row][et_pb_row _builder_version=\u00bb4.27.4&#8243; _module_preset=\u00bbdefault\u00bb global_colors_info=\u00bb{}\u00bb][et_pb_column type=\u00bb4_4&#8243; _builder_version=\u00bb4.27.4&#8243; _module_preset=\u00bbdefault\u00bb global_colors_info=\u00bb{}\u00bb][et_pb_code _builder_version=\u00bb4.27.4&#8243; _module_preset=\u00bbdefault\u00bb global_colors_info=\u00bb{}\u00bb]<!-- FILA 1: A\u00d1O 1 + HITO 1 + A\u00d1O 2 --><!-- [et_pb_line_break_holder] --><\/p>\n<div class=\"plan-row plan-row-top\"><!-- [et_pb_line_break_holder] --><!-- [et_pb_line_break_holder] -->  <!-- A\u00d1O 1 --><!-- [et_pb_line_break_holder] -->  <\/p>\n<div class=\"year-block\"><!-- [et_pb_line_break_holder] -->    <\/p>\n<div class=\"year-block-title\">A\u00d1O 1<\/div>\n<p><!-- [et_pb_line_break_holder] -->    <\/p>\n<div class=\"year-block-body\"><!-- [et_pb_line_break_holder] --><!-- [et_pb_line_break_holder] -->      <\/p>\n<div class=\"semester-col\"><!-- [et_pb_line_break_holder] -->        <\/p>\n<div class=\"semester-header\">SEMESTRE I<\/div>\n<p><!-- [et_pb_line_break_holder] -->        <\/p>\n<div class=\"course-list\"><!-- [et_pb_line_break_holder] -->          <\/p>\n<div class=\"course\">Teor\u00eda de la Administraci\u00f3n I<\/div>\n<p><!-- [et_pb_line_break_holder] -->          <\/p>\n<div class=\"course\">M\u00e9todos de la Investigaci\u00f3n I<\/div>\n<p><!-- [et_pb_line_break_holder] -->          <\/p>\n<div class=\"course\">Toma de Decisiones en Administraci\u00f3n I<\/div>\n<p><!-- [et_pb_line_break_holder] -->          <\/p>\n<div class=\"course\">Seminario de Investigaci\u00f3n I<\/div>\n<p><!-- [et_pb_line_break_holder] -->        <\/div>\n<p><!-- [et_pb_line_break_holder] -->        <\/p>\n<div class=\"sct\">25 SCT<\/div>\n<p><!-- [et_pb_line_break_holder] -->      <\/div>\n<p><!-- [et_pb_line_break_holder] --><!-- [et_pb_line_break_holder] -->      <\/p>\n<div class=\"semester-col\"><!-- [et_pb_line_break_holder] -->        <\/p>\n<div class=\"semester-header\">SEMESTRE II<\/div>\n<p><!-- [et_pb_line_break_holder] -->        <\/p>\n<div class=\"course-list\"><!-- [et_pb_line_break_holder] -->          <\/p>\n<div class=\"course\">Teor\u00eda de la Administraci\u00f3n II<\/div>\n<p><!-- [et_pb_line_break_holder] -->          <\/p>\n<div class=\"course\">M\u00e9todos de la Investigaci\u00f3n II<\/div>\n<p><!-- [et_pb_line_break_holder] -->          <\/p>\n<div class=\"course\">Toma de Decisiones en Administraci\u00f3n II<\/div>\n<p><!-- [et_pb_line_break_holder] -->          <\/p>\n<div class=\"course\">Seminario de Investigaci\u00f3n II<\/div>\n<p><!-- [et_pb_line_break_holder] -->        <\/div>\n<p><!-- [et_pb_line_break_holder] -->        <\/p>\n<div class=\"sct\">25 SCT<\/div>\n<p><!-- [et_pb_line_break_holder] -->      <\/div>\n<p><!-- [et_pb_line_break_holder] --><!-- [et_pb_line_break_holder] -->    <\/div>\n<p><!-- [et_pb_line_break_holder] -->  <\/div>\n<p><!-- [et_pb_line_break_holder] --><!-- [et_pb_line_break_holder] -->  <!-- HITO 1 (COLUMNA CENTRAL) --><!-- [et_pb_line_break_holder] -->  <\/p>\n<div class=\"milestone-block\"><!-- [et_pb_line_break_holder] -->    <\/p>\n<div class=\"milestone-body\"><!-- [et_pb_line_break_holder] -->      <pee><strong>Hito 1:<\/strong><\/pee><!-- [et_pb_line_break_holder] -->      <pee>Examen de<!\u2013- [et_pb_br_holder] -\u2013>Calificaci\u00f3n<\/pee><!-- [et_pb_line_break_holder] -->    <\/div>\n<p><!-- [et_pb_line_break_holder] -->    <\/p>\n<div class=\"sct\">10 SCT<\/div>\n<p><!-- [et_pb_line_break_holder] -->  <\/div>\n<p><!-- [et_pb_line_break_holder] --><!-- [et_pb_line_break_holder] -->  <!-- A\u00d1O 2 --><!-- [et_pb_line_break_holder] -->  <\/p>\n<div class=\"year-block\"><!-- [et_pb_line_break_holder] -->    <\/p>\n<div class=\"year-block-title\">A\u00d1O 2<\/div>\n<p><!-- [et_pb_line_break_holder] -->    <\/p>\n<div class=\"year-block-body\"><!-- [et_pb_line_break_holder] --><!-- [et_pb_line_break_holder] -->      <\/p>\n<div class=\"semester-col\"><!-- [et_pb_line_break_holder] -->        <\/p>\n<div class=\"semester-header\">SEMESTRE III<\/div>\n<p><!-- [et_pb_line_break_holder] -->        <\/p>\n<div class=\"course-list\"><!-- [et_pb_line_break_holder] -->          <\/p>\n<div class=\"course\">Electivo de Profundizaci\u00f3n I<\/div>\n<p><!-- [et_pb_line_break_holder] -->          <\/p>\n<div class=\"course\">Electivo de Profundizaci\u00f3n II<\/div>\n<p><!-- [et_pb_line_break_holder] -->          <\/p>\n<div class=\"course\">Electivo de Profundizaci\u00f3n III<\/div>\n<p><!-- [et_pb_line_break_holder] -->          <\/p>\n<div class=\"course\">Seminario de Investigaci\u00f3n I<\/div>\n<p><!-- [et_pb_line_break_holder] -->        <\/div>\n<p><!-- [et_pb_line_break_holder] -->        <\/p>\n<div class=\"sct\">30 SCT<\/div>\n<p><!-- [et_pb_line_break_holder] -->      <\/div>\n<p><!-- [et_pb_line_break_holder] --><!-- [et_pb_line_break_holder] -->      <\/p>\n<div class=\"semester-col\"><!-- [et_pb_line_break_holder] -->        <\/p>\n<div class=\"semester-header\">SEMESTRE IV<\/div>\n<p><!-- [et_pb_line_break_holder] -->        <\/p>\n<div class=\"course-list\"><!-- [et_pb_line_break_holder] -->          <\/p>\n<div class=\"course\"><strong>Hito 2:<\/strong> Proyecto de Tesis I: Research Paper I<\/div>\n<p><!-- [et_pb_line_break_holder] -->        <\/div>\n<p><!-- [et_pb_line_break_holder] -->        <\/p>\n<div class=\"sct\">30 SCT<\/div>\n<p><!-- [et_pb_line_break_holder] -->      <\/div>\n<p><!-- [et_pb_line_break_holder] -->    <\/div>\n<p><!-- [et_pb_line_break_holder] -->  <\/div>\n<p><!-- [et_pb_line_break_holder] --><!-- [et_pb_line_break_holder] --><\/div>\n<p><!-- [et_pb_line_break_holder] --><!-- [et_pb_line_break_holder] --><!-- FILA 2: A\u00d1O 3 + A\u00d1O 4 --><!-- [et_pb_line_break_holder] --><\/p>\n<div class=\"plan-row plan-row-bottom\"><!-- [et_pb_line_break_holder] --><!-- [et_pb_line_break_holder] -->  <!-- A\u00d1O 3 --><!-- [et_pb_line_break_holder] -->  <\/p>\n<div class=\"year-block\"><!-- [et_pb_line_break_holder] -->    <\/p>\n<div class=\"year-block-title\">A\u00d1O 3<\/div>\n<p><!-- [et_pb_line_break_holder] -->    <\/p>\n<div class=\"year-block-body\"><!-- [et_pb_line_break_holder] --><!-- [et_pb_line_break_holder] -->      <\/p>\n<div class=\"semester-col\"><!-- [et_pb_line_break_holder] -->        <\/p>\n<div class=\"semester-header\">SEMESTRE V<\/div>\n<p><!-- [et_pb_line_break_holder] -->        <\/p>\n<div class=\"course-list\"><!-- [et_pb_line_break_holder] -->          <\/p>\n<div class=\"course\">Proyecto de <!-- [et_pb_line_break_holder] -->            Tesis II<\/div>\n<p><!-- [et_pb_line_break_holder] -->        <\/div>\n<p><!-- [et_pb_line_break_holder] -->        <\/p>\n<div class=\"sct\">30 SCT<\/div>\n<p><!-- [et_pb_line_break_holder] -->      <\/div>\n<p><!-- [et_pb_line_break_holder] --><!-- [et_pb_line_break_holder] -->      <\/p>\n<div class=\"semester-col\"><!-- [et_pb_line_break_holder] -->        <\/p>\n<div class=\"semester-header\">SEMESTRE VI<\/div>\n<p><!-- [et_pb_line_break_holder] -->        <\/p>\n<div class=\"course-list\"><!-- [et_pb_line_break_holder] -->          <\/p>\n<div class=\"course\">Proyecto de Tesis III<strong> Hito 3:<\/strong> Research Paper<\/div>\n<p><!-- [et_pb_line_break_holder] -->        <\/div>\n<p><!-- [et_pb_line_break_holder] -->        <\/p>\n<div class=\"sct\">30 SCT<\/div>\n<p><!-- [et_pb_line_break_holder] -->      <\/div>\n<p><!-- [et_pb_line_break_holder] --><!-- [et_pb_line_break_holder] -->    <\/div>\n<p><!-- [et_pb_line_break_holder] -->  <\/div>\n<p><!-- [et_pb_line_break_holder] --><!-- [et_pb_line_break_holder] -->  <!-- A\u00d1O 4 --><!-- [et_pb_line_break_holder] -->  <\/p>\n<div class=\"year-block\"><!-- [et_pb_line_break_holder] -->    <\/p>\n<div class=\"year-block-title\">A\u00d1O 4<\/div>\n<p><!-- [et_pb_line_break_holder] -->    <\/p>\n<div class=\"year-block-body\"><!-- [et_pb_line_break_holder] --><!-- [et_pb_line_break_holder] -->      <\/p>\n<div class=\"semester-col\"><!-- [et_pb_line_break_holder] -->        <\/p>\n<div class=\"semester-header\">SEMESTRE VII<\/div>\n<p><!-- [et_pb_line_break_holder] -->        <\/p>\n<div class=\"course-list\"><!-- [et_pb_line_break_holder] -->          <\/p>\n<div class=\"course\">Proyecto de <!-- [et_pb_line_break_holder] -->            Tesis IV<\/div>\n<p><!-- [et_pb_line_break_holder] -->        <\/div>\n<p><!-- [et_pb_line_break_holder] -->        <\/p>\n<div class=\"sct\">30 SCT<\/div>\n<p><!-- [et_pb_line_break_holder] -->      <\/div>\n<p><!-- [et_pb_line_break_holder] --><!-- [et_pb_line_break_holder] -->      <\/p>\n<div class=\"semester-col\"><!-- [et_pb_line_break_holder] -->        <\/p>\n<div class=\"semester-header\">SEMESTRE VIII<\/div>\n<p><!-- [et_pb_line_break_holder] -->        <\/p>\n<div class=\"course-list\"><!-- [et_pb_line_break_holder] -->          <\/p>\n<div class=\"course\"><strong>Hito Final:<\/strong> <!-- [et_pb_line_break_holder] -->            Tesis Doctoral<\/div>\n<p><!-- [et_pb_line_break_holder] -->        <\/div>\n<p><!-- [et_pb_line_break_holder] -->        <\/p>\n<div class=\"sct\">30 SCT<\/div>\n<p><!-- [et_pb_line_break_holder] -->      <\/div>\n<p><!-- [et_pb_line_break_holder] --><!-- [et_pb_line_break_holder] -->    <\/div>\n<p><!-- [et_pb_line_break_holder] -->  <\/div>\n<p><!-- [et_pb_line_break_holder] --><!-- [et_pb_line_break_holder] --><\/div>\n<p><!-- [et_pb_line_break_holder] --><!-- [et_pb_line_break_holder] -->[\/et_pb_code][\/et_pb_column][\/et_pb_row][\/et_pb_section][et_pb_section fb_built=\u00bb1&#8243; _builder_version=\u00bb4.27.4&#8243; _module_preset=\u00bbdefault\u00bb background_color=\u00bb#394049&#8243; border_width_bottom=\u00bb5px\u00bb border_color_bottom=\u00bb#EAAA00&#8243; locked=\u00bboff\u00bb global_colors_info=\u00bb{}\u00bb][et_pb_row _builder_version=\u00bb4.27.4&#8243; _module_preset=\u00bbdefault\u00bb global_colors_info=\u00bb{}\u00bb][et_pb_column type=\u00bb4_4&#8243; _builder_version=\u00bb4.27.4&#8243; _module_preset=\u00bbdefault\u00bb global_colors_info=\u00bb{}\u00bb][et_pb_text _builder_version=\u00bb4.27.4&#8243; _module_preset=\u00bbdefault\u00bb background_layout=\u00bbdark\u00bb custom_margin=\u00bb||-1px|||\u00bb global_colors_info=\u00bb{}\u00bb]<\/p>\n<h3>L\u00edneas de investigaci\u00f3n<\/h3>\n<p>[\/et_pb_text][et_pb_text _builder_version=\u00bb4.27.4&#8243; _module_preset=\u00bbdefault\u00bb background_layout=\u00bbdark\u00bb global_colors_info=\u00bb{}\u00bb]<\/p>\n<p>Nuestras L\u00edneas de Investigaci\u00f3n buscan formar investigadores\/as aut\u00f3nomos\/as en el \u00e1rea de las Ciencias de la Administraci\u00f3n caracterizados por poseer conocimientos te\u00f3ricos y metodolog\u00edas avanzados en las l\u00edneas declaradas por el programa para contribuir a generar y\/o expandir conocimiento en dicha \u00e1rea.<\/p>\n<p>[\/et_pb_text][et_pb_divider color=\u00bb#FFFFFF\u00bb _builder_version=\u00bb4.27.4&#8243; _module_preset=\u00bbdefault\u00bb custom_margin=\u00bb||-4px|||\u00bb custom_padding=\u00bb||0px|||\u00bb global_colors_info=\u00bb{}\u00bb][\/et_pb_divider][\/et_pb_column][\/et_pb_row][et_pb_row column_structure=\u00bb1_2,1_2&#8243; _builder_version=\u00bb4.27.4&#8243; _module_preset=\u00bbdefault\u00bb global_colors_info=\u00bb{}\u00bb][et_pb_column type=\u00bb1_2&#8243; _builder_version=\u00bb4.27.4&#8243; _module_preset=\u00bbdefault\u00bb global_colors_info=\u00bb{}\u00bb][et_pb_text _builder_version=\u00bb4.27.4&#8243; _module_preset=\u00bbdefault\u00bb text_text_color=\u00bb#FFFFFF\u00bb background_layout=\u00bbdark\u00bb custom_padding=\u00bb|||5px|false|false\u00bb border_width_left=\u00bb7px\u00bb border_color_left=\u00bb#EAAA00&#8243; global_colors_info=\u00bb{}\u00bb]<\/p>\n<h3>Teor\u00eda de la Administraci\u00f3n<\/h3>\n<p>[\/et_pb_text][et_pb_text _builder_version=\u00bb4.27.4&#8243; _module_preset=\u00bbdefault\u00bb text_text_color=\u00bb#FFFFFF\u00bb global_colors_info=\u00bb{}\u00bb]<\/p>\n<p style=\"text-align: justify;\">La l\u00ednea de investigaci\u00f3n en Teor\u00eda en Administraci\u00f3n se orienta al desarrollo de marcos conceptuales que expliquen los fen\u00f3menos organizacionales y la disciplina administrativa en su conjunto. Busca generar teor\u00edas de alcance general que integren perspectivas interdisciplinarias y puedan ser contrastadas emp\u00edricamente, fortaleciendo la validez y relevancia del conocimiento producido. Se organiza en sub-l\u00edneas como: teor\u00eda de la organizaci\u00f3n, gobernanza corporativa, estrategia y ventajas competitivas, liderazgo y comportamiento organizacional, y teor\u00eda institucional aplicada. Su prop\u00f3sito es aportar al debate acad\u00e9mico y responder a desaf\u00edos contempor\u00e1neos tales como inteligencia artificial y sostenibilidad, contribuyendo as\u00ed a la evoluci\u00f3n disciplinar e impacto de la administraci\u00f3n.<\/p>\n<p>[\/et_pb_text][\/et_pb_column][et_pb_column type=\u00bb1_2&#8243; _builder_version=\u00bb4.27.4&#8243; _module_preset=\u00bbdefault\u00bb global_colors_info=\u00bb{}\u00bb][et_pb_text _builder_version=\u00bb4.27.4&#8243; _module_preset=\u00bbdefault\u00bb text_text_color=\u00bb#FFFFFF\u00bb background_layout=\u00bbdark\u00bb custom_padding=\u00bb|||5px|false|false\u00bb border_width_left=\u00bb7px\u00bb border_color_left=\u00bb#EAAA00&#8243; global_colors_info=\u00bb{}\u00bb]<\/p>\n<h3>Toma de Decisiones en Administraci\u00f3n<\/h3>\n<p>[\/et_pb_text][et_pb_text _builder_version=\u00bb4.27.4&#8243; _module_preset=\u00bbdefault\u00bb text_text_color=\u00bb#FFFFFF\u00bb global_colors_info=\u00bb{}\u00bb]<\/p>\n<p>La l\u00ednea de investigaci\u00f3n en Toma de Decisiones en Administraci\u00f3n se centra en el an\u00e1lisis de c\u00f3mo los individuos y las empresas toman decisiones frente a problemas complejos en entornos din\u00e1micos e inciertos con el fin de asegurar su supervivencia, adaptarse a cambios tecnol\u00f3gicos y sociales, optimizar recursos y generar ventajas competitivas sostenibles.<\/p>\n<p>Se organiza en sub-l\u00edneas tem\u00e1ticas tales como: finanzas, marketing, log\u00edstica, recursos humanos y liderazgo, innovaci\u00f3n y emprendimiento, estrategia y anal\u00edtica de datos. La l\u00ednea impulsa investigaci\u00f3n cient\u00edfica con impacto acad\u00e9mico y social, fortaleciendo la toma de decisiones basada en evidencia.<\/p>\n<p>[\/et_pb_text][\/et_pb_column][\/et_pb_row][et_pb_row _builder_version=\u00bb4.27.4&#8243; _module_preset=\u00bbdefault\u00bb custom_padding=\u00bb||2px|||\u00bb global_colors_info=\u00bb{}\u00bb][et_pb_column type=\u00bb4_4&#8243; _builder_version=\u00bb4.27.4&#8243; _module_preset=\u00bbdefault\u00bb global_colors_info=\u00bb{}\u00bb][et_pb_text _builder_version=\u00bb4.27.4&#8243; _module_preset=\u00bbdefault\u00bb background_layout=\u00bbdark\u00bb custom_margin=\u00bb||-1px|||\u00bb global_colors_info=\u00bb{}\u00bb]<\/p>\n<h3>Objetivos Espec\u00edficos<\/h3>\n<p>[\/et_pb_text][et_pb_text _builder_version=\u00bb4.27.4&#8243; _module_preset=\u00bbdefault\u00bb background_layout=\u00bbdark\u00bb global_colors_info=\u00bb{}\u00bb]<\/p>\n<p>Nuestras L\u00edneas de Investigaci\u00f3n tienen, como objetivos espec\u00edficos:<\/p>\n<p>[\/et_pb_text][et_pb_divider color=\u00bb#FFFFFF\u00bb _builder_version=\u00bb4.27.4&#8243; _module_preset=\u00bbdefault\u00bb custom_margin=\u00bb||-4px|||\u00bb custom_padding=\u00bb||0px|||\u00bb global_colors_info=\u00bb{}\u00bb][\/et_pb_divider][\/et_pb_column][\/et_pb_row][et_pb_row column_structure=\u00bb1_3,1_3,1_3&#8243; use_custom_gutter=\u00bbon\u00bb gutter_width=\u00bb2&#8243; make_equal=\u00bbon\u00bb _builder_version=\u00bb4.27.4&#8243; _module_preset=\u00bbdefault\u00bb global_colors_info=\u00bb{}\u00bb][et_pb_column type=\u00bb1_3&#8243; _builder_version=\u00bb4.27.4&#8243; _module_preset=\u00bbdefault\u00bb global_colors_info=\u00bb{}\u00bb][et_pb_button button_text=\u00bbObjetivo Espec\u00edfico 1&#8243; button_alignment=\u00bbcenter\u00bb _builder_version=\u00bb4.27.4&#8243; _module_preset=\u00bbdefault\u00bb custom_button=\u00bbon\u00bb button_text_color=\u00bb#FFFFFF\u00bb button_bg_color=\u00bb#EAAA00&#8243; button_border_width=\u00bb0px\u00bb button_border_radius=\u00bb25px\u00bb button_use_icon=\u00bboff\u00bb background_layout=\u00bbdark\u00bb custom_margin=\u00bb|30px|||false|false\u00bb custom_padding=\u00bb||||false|false\u00bb global_colors_info=\u00bb{}\u00bb][\/et_pb_button][et_pb_text _builder_version=\u00bb4.27.4&#8243; _module_preset=\u00bbdefault\u00bb text_text_color=\u00bb#FFFFFF\u00bb custom_padding=\u00bb|30px|||false|false\u00bb border_width_right=\u00bb2px\u00bb border_color_right=\u00bb#FFFFFF\u00bb global_colors_info=\u00bb{}\u00bb]<\/p>\n<p style=\"text-align: center;\">Entregar una formaci\u00f3n avanzada en el \u00e1rea de las Ciencias de la Administraci\u00f3n, empleando herramientas metodol\u00f3gicas tradicionales y actuales para realizar investigaci\u00f3n aut\u00f3noma en las l\u00edneas de investigaci\u00f3n declaradas en el programa.<\/p>\n<p>[\/et_pb_text][\/et_pb_column][et_pb_column type=\u00bb1_3&#8243; _builder_version=\u00bb4.27.4&#8243; _module_preset=\u00bbdefault\u00bb global_colors_info=\u00bb{}\u00bb][et_pb_button button_text=\u00bbObjetivo Espec\u00edfico 3&#8243; button_alignment=\u00bbcenter\u00bb _builder_version=\u00bb4.27.4&#8243; _module_preset=\u00bbdefault\u00bb custom_button=\u00bbon\u00bb button_text_color=\u00bb#FFFFFF\u00bb button_bg_color=\u00bb#EAAA00&#8243; button_border_width=\u00bb0px\u00bb button_border_radius=\u00bb25px\u00bb button_use_icon=\u00bboff\u00bb background_layout=\u00bbdark\u00bb global_colors_info=\u00bb{}\u00bb][\/et_pb_button][et_pb_text _builder_version=\u00bb4.27.4&#8243; _module_preset=\u00bbdefault\u00bb text_text_color=\u00bb#FFFFFF\u00bb global_colors_info=\u00bb{}\u00bb]<\/p>\n<p style=\"text-align: center;\">Dotar a los\/as doctorantes de conocimiento y habilidades necesarias para el levantamiento de datos con el fin de utilizarlospara el desarrollo de investigaciones en las l\u00edneas de investigaci\u00f3n declaradas en el programa.<\/p>\n<p>[\/et_pb_text][\/et_pb_column][et_pb_column type=\u00bb1_3&#8243; _builder_version=\u00bb4.27.4&#8243; _module_preset=\u00bbdefault\u00bb global_colors_info=\u00bb{}\u00bb][et_pb_button button_text=\u00bbObjetivo Espec\u00edfico 3&#8243; button_alignment=\u00bbcenter\u00bb _builder_version=\u00bb4.27.4&#8243; _module_preset=\u00bbdefault\u00bb custom_button=\u00bbon\u00bb button_text_color=\u00bb#FFFFFF\u00bb button_bg_color=\u00bb#EAAA00&#8243; button_border_width=\u00bb0px\u00bb button_border_radius=\u00bb25px\u00bb button_use_icon=\u00bboff\u00bb background_layout=\u00bbdark\u00bb custom_margin=\u00bb|||30px|false|false\u00bb global_colors_info=\u00bb{}\u00bb][\/et_pb_button][et_pb_text _builder_version=\u00bb4.27.4&#8243; _module_preset=\u00bbdefault\u00bb text_text_color=\u00bb#FFFFFF\u00bb custom_padding=\u00bb|||30px|false|false\u00bb border_width_left=\u00bb2px\u00bb border_color_left=\u00bb#FFFFFF\u00bb global_colors_info=\u00bb{}\u00bb]<\/p>\n<p style=\"text-align: center;\">Proporcionar un espacio de<br \/>interacci\u00f3n que permita difundir los resultados de las investigaciones de los doctorantes en medios cient\u00edficos y la comunidad en general.<\/p>\n<p>[\/et_pb_text][\/et_pb_column][\/et_pb_row][\/et_pb_section]<\/p>\n","protected":false},"excerpt":{"rendered":"<p>Your content goes here. Edit or remove this text inline or in the module Content settings. You can also style every aspect of this content in the module Design settings and even apply custom CSS to this text in the module Advanced settings.Your content goes here. Edit or remove this text inline or in the [&hellip;]<\/p>\n","protected":false},"author":1,"featured_media":0,"parent":0,"menu_order":0,"comment_status":"closed","ping_status":"closed","template":"","meta":{"_et_pb_use_builder":"on","_et_pb_old_content":"<!-- wp:divi\/placeholder \/-->","_et_gb_content_width":"","footnotes":""},"class_list":["post-22","page","type-page","status-publish","hentry"],"_links":{"self":[{"href":"https:\/\/www.docadmin.cl\/index.php\/wp-json\/wp\/v2\/pages\/22","targetHints":{"allow":["GET"]}}],"collection":[{"href":"https:\/\/www.docadmin.cl\/index.php\/wp-json\/wp\/v2\/pages"}],"about":[{"href":"https:\/\/www.docadmin.cl\/index.php\/wp-json\/wp\/v2\/types\/page"}],"author":[{"embeddable":true,"href":"https:\/\/www.docadmin.cl\/index.php\/wp-json\/wp\/v2\/users\/1"}],"replies":[{"embeddable":true,"href":"https:\/\/www.docadmin.cl\/index.php\/wp-json\/wp\/v2\/comments?post=22"}],"version-history":[{"count":10,"href":"https:\/\/www.docadmin.cl\/index.php\/wp-json\/wp\/v2\/pages\/22\/revisions"}],"predecessor-version":[{"id":197,"href":"https:\/\/www.docadmin.cl\/index.php\/wp-json\/wp\/v2\/pages\/22\/revisions\/197"}],"wp:attachment":[{"href":"https:\/\/www.docadmin.cl\/index.php\/wp-json\/wp\/v2\/media?parent=22"}],"curies":[{"name":"wp","href":"https:\/\/api.w.org\/{rel}","templated":true}]}}